{"id":12,"date":"2022-12-07T15:49:46","date_gmt":"2022-12-07T18:49:46","guid":{"rendered":"https:\/\/graspy.com.br\/?page_id=12"},"modified":"2023-10-18T19:29:41","modified_gmt":"2023-10-18T22:29:41","slug":"principal","status":"publish","type":"page","link":"https:\/\/graspy.com.br\/","title":{"rendered":"Principal"},"content":{"rendered":"<p>[et_pb_section fb_built=&#8221;1&#8243; fullwidth=&#8221;on&#8221; _builder_version=&#8221;4.22.2&#8243; _module_preset=&#8221;default&#8221; global_colors_info=&#8221;{}&#8221;][et_pb_fullwidth_slider show_pagination=&#8221;off&#8221; _builder_version=&#8221;4.22.2&#8243; _module_preset=&#8221;default&#8221; background_image=&#8221;http:\/\/graspy.com.br\/wp-content\/uploads\/2022\/12\/slides6.jpg&#8221; animation_style=&#8221;fade&#8221; auto=&#8221;on&#8221; auto_speed=&#8221;3000&#8243; hover_transition_duration=&#8221;100ms&#8221; hover_enabled=&#8221;0&#8243; global_colors_info=&#8221;{}&#8221; sticky_enabled=&#8221;0&#8243;][et_pb_slide button_text=&#8221;QUALIDADE&#8221; admin_title=&#8221;Slide1&#8243; button_text_tablet=&#8221;QUALIDADE&#8221; button_text_phone=&#8221;QUALIDADE&#8221; button_text_last_edited=&#8221;on|desktop&#8221; _builder_version=&#8221;4.22.2&#8243; _module_preset=&#8221;default&#8221; background_image=&#8221;http:\/\/graspy.com.br\/wp-content\/uploads\/2022\/12\/slides1.jpg&#8221; background_enable_image=&#8221;on&#8221; custom_button=&#8221;on&#8221; button_text_size=&#8221;35px&#8221; button_text_color=&#8221;#FFFFFF&#8221; button_bg_color=&#8221;rgba(0,54,142,0.6)&#8221; button_border_width=&#8221;1px&#8221; button_border_color=&#8221;#FFFFFF&#8221; button_border_radius=&#8221;40px&#8221; button_letter_spacing=&#8221;12px&#8221; button_icon_color=&#8221;RGBA(255,255,255,0)&#8221; hover_transition_duration=&#8221;100ms&#8221; hover_enabled=&#8221;0&#8243; button_text_size_tablet=&#8221;35px&#8221; button_text_size_phone=&#8221;16px&#8221; button_text_size_last_edited=&#8221;on|phone&#8221; global_colors_info=&#8221;{}&#8221; sticky_transition=&#8221;on&#8221; sticky_enabled=&#8221;0&#8243;][\/et_pb_slide][et_pb_slide admin_title=&#8221;Slide2&#8243; _builder_version=&#8221;4.22.2&#8243; _module_preset=&#8221;default&#8221; background_image=&#8221;http:\/\/graspy.com.br\/wp-content\/uploads\/2022\/12\/slides2.jpg&#8221; background_enable_image=&#8221;on&#8221; custom_button=&#8221;on&#8221; button_text_size=&#8221;35px&#8221; button_text_color=&#8221;#FFFFFF&#8221; button_bg_color=&#8221;rgba(12,113,195,0.6)&#8221; button_border_width=&#8221;0px&#8221; button_border_color=&#8221;RGBA(255,255,255,0)&#8221; button_border_radius=&#8221;40px&#8221; button_letter_spacing=&#8221;12px&#8221; button_icon_color=&#8221;RGBA(255,255,255,0)&#8221; hover_transition_duration=&#8221;100ms&#8221; hover_enabled=&#8221;0&#8243; global_colors_info=&#8221;{}&#8221; sticky_transition=&#8221;on&#8221; sticky_enabled=&#8221;0&#8243;][\/et_pb_slide][et_pb_slide button_text=&#8221;PROFISSIONALISMO&#8221; admin_title=&#8221;Slide3&#8243; _builder_version=&#8221;4.22.2&#8243; _module_preset=&#8221;default&#8221; background_image=&#8221;http:\/\/graspy.com.br\/wp-content\/uploads\/2022\/12\/slides3.jpg&#8221; background_enable_image=&#8221;on&#8221; custom_button=&#8221;on&#8221; button_text_size=&#8221;35px&#8221; button_text_color=&#8221;#FFFFFF&#8221; button_bg_color=&#8221;rgba(0,54,142,0.6)&#8221; button_border_width=&#8221;1px&#8221; button_border_color=&#8221;#FFFFFF&#8221; button_border_radius=&#8221;40px&#8221; button_letter_spacing=&#8221;8px&#8221; button_icon_color=&#8221;RGBA(255,255,255,0)&#8221; hover_transition_duration=&#8221;100ms&#8221; hover_enabled=&#8221;0&#8243; button_text_size_tablet=&#8221;35px&#8221; button_text_size_phone=&#8221;16px&#8221; button_text_size_last_edited=&#8221;on|phone&#8221; global_colors_info=&#8221;{}&#8221; sticky_transition=&#8221;on&#8221; sticky_enabled=&#8221;0&#8243;][\/et_pb_slide][et_pb_slide admin_title=&#8221;Slide4&#8243; _builder_version=&#8221;4.19.2&#8243; _module_preset=&#8221;default&#8221; background_image=&#8221;http:\/\/graspy.com.br\/wp-content\/uploads\/2022\/12\/slides4.jpg&#8221; background_enable_image=&#8221;on&#8221; hover_transition_duration=&#8221;100ms&#8221; global_colors_info=&#8221;{}&#8221; sticky_transition=&#8221;on&#8221;][\/et_pb_slide][et_pb_slide button_text=&#8221;PONTUALIDADE&#8221; admin_title=&#8221;Slide5&#8243; _builder_version=&#8221;4.22.2&#8243; _module_preset=&#8221;default&#8221; background_image=&#8221;http:\/\/graspy.com.br\/wp-content\/uploads\/2022\/12\/slides5.jpg&#8221; background_enable_image=&#8221;on&#8221; custom_button=&#8221;on&#8221; button_text_size=&#8221;35px&#8221; button_text_color=&#8221;#FFFFFF&#8221; button_bg_color=&#8221;rgba(0,54,142,0.6)&#8221; button_border_width=&#8221;1px&#8221; button_border_color=&#8221;#FFFFFF&#8221; button_border_radius=&#8221;40px&#8221; button_letter_spacing=&#8221;12px&#8221; button_icon_color=&#8221;RGBA(255,255,255,0)&#8221; hover_transition_duration=&#8221;100ms&#8221; hover_enabled=&#8221;0&#8243; button_text_size_tablet=&#8221;35px&#8221; button_text_size_phone=&#8221;16px&#8221; button_text_size_last_edited=&#8221;on|phone&#8221; global_colors_info=&#8221;{}&#8221; sticky_transition=&#8221;on&#8221; sticky_enabled=&#8221;0&#8243;][\/et_pb_slide][et_pb_slide admin_title=&#8221;Slide6&#8243; _builder_version=&#8221;4.22.2&#8243; _module_preset=&#8221;default&#8221; global_colors_info=&#8221;{}&#8221; sticky_transition=&#8221;on&#8221;][\/et_pb_slide][et_pb_slide button_text=&#8221;EXPERI\u00caNCIA&#8221; admin_title=&#8221;Slide7&#8243; _builder_version=&#8221;4.22.2&#8243; _module_preset=&#8221;default&#8221; background_image=&#8221;http:\/\/graspy.com.br\/wp-content\/uploads\/2022\/12\/slides7.jpg&#8221; background_enable_image=&#8221;on&#8221; custom_button=&#8221;on&#8221; button_text_size=&#8221;35px&#8221; button_text_color=&#8221;#FFFFFF&#8221; button_bg_color=&#8221;rgba(0,54,142,0.6)&#8221; button_border_width=&#8221;1px&#8221; button_border_color=&#8221;#FFFFFF&#8221; button_border_radius=&#8221;40px&#8221; button_letter_spacing=&#8221;12px&#8221; button_icon_color=&#8221;RGBA(255,255,255,0)&#8221; hover_transition_duration=&#8221;100ms&#8221; hover_enabled=&#8221;0&#8243; button_text_size_tablet=&#8221;35px&#8221; button_text_size_phone=&#8221;16px&#8221; button_text_size_last_edited=&#8221;on|phone&#8221; global_colors_info=&#8221;{}&#8221; sticky_transition=&#8221;on&#8221; sticky_enabled=&#8221;0&#8243;][\/et_pb_slide][et_pb_slide button_text=&#8221;(11) 93050-0462 \/ (11) 3256-3111&#8243; admin_title=&#8221;Slide8&#8243; button_text_tablet=&#8221;(11) 93050-0462 \/ (11) 3256-3111&#8243; button_text_phone=&#8221;(11) 93050-0462 \/ (11) 3256-3111&#8243; button_text_last_edited=&#8221;on|phone&#8221; _builder_version=&#8221;4.22.2&#8243; _module_preset=&#8221;default&#8221; background_image=&#8221;http:\/\/graspy.com.br\/wp-content\/uploads\/2022\/12\/slides8.jpg&#8221; background_enable_image=&#8221;on&#8221; custom_button=&#8221;on&#8221; button_text_size=&#8221;35px&#8221; button_text_color=&#8221;#FFFFFF&#8221; button_bg_color=&#8221;rgba(0,54,142,0.6)&#8221; button_border_width=&#8221;1px&#8221; button_border_color=&#8221;#FFFFFF&#8221; button_border_radius=&#8221;40px&#8221; button_letter_spacing=&#8221;0px&#8221; button_font=&#8221;|700|||||||&#8221; button_use_icon=&#8221;off&#8221; button_alignment=&#8221;center&#8221; button_custom_margin=&#8221;||||false|false&#8221; button_custom_padding=&#8221;||||false|false&#8221; button_custom_padding_tablet=&#8221;||||false|false&#8221; button_custom_padding_phone=&#8221;||||false|false&#8221; button_custom_padding_last_edited=&#8221;on|phone&#8221; custom_padding=&#8221;||||false|false&#8221; hover_transition_duration=&#8221;100ms&#8221; hover_enabled=&#8221;0&#8243; button_text_size_tablet=&#8221;35px&#8221; button_text_size_phone=&#8221;16px&#8221; button_text_size_last_edited=&#8221;on|desktop&#8221; global_colors_info=&#8221;{}&#8221; sticky_transition=&#8221;on&#8221; sticky_enabled=&#8221;0&#8243; button_bg_enable_color=&#8221;on&#8221;][\/et_pb_slide][et_pb_slide button_text=&#8221;PARCERIA&#8221; admin_title=&#8221;Slide9&#8243; _builder_version=&#8221;4.22.2&#8243; _module_preset=&#8221;default&#8221; custom_button=&#8221;on&#8221; button_text_size=&#8221;35px&#8221; button_text_color=&#8221;#FFFFFF&#8221; button_bg_color=&#8221;rgba(0,54,142,0.6)&#8221; button_border_width=&#8221;1px&#8221; button_border_color=&#8221;#FFFFFF&#8221; button_border_radius=&#8221;40px&#8221; button_letter_spacing=&#8221;12px&#8221; button_icon_color=&#8221;RGBA(255,255,255,0)&#8221; hover_transition_duration=&#8221;100ms&#8221; hover_enabled=&#8221;0&#8243; global_colors_info=&#8221;{}&#8221; sticky_transition=&#8221;on&#8221; button_text_size_last_edited=&#8221;on|phone&#8221; button_text_size_phone=&#8221;16px&#8221; sticky_enabled=&#8221;0&#8243; button_text_size_tablet=&#8221;35px&#8221;][\/et_pb_slide][\/et_pb_fullwidth_slider][\/et_pb_section][et_pb_section fb_built=&#8221;1&#8243; _builder_version=&#8221;4.22.2&#8243; _module_preset=&#8221;default&#8221; custom_margin=&#8221;0px||-1px||false|false&#8221; custom_padding=&#8221;||||false|false&#8221; hover_enabled=&#8221;0&#8243; global_colors_info=&#8221;{}&#8221; sticky_enabled=&#8221;0&#8243;][et_pb_row _builder_version=&#8221;4.22.2&#8243; _module_preset=&#8221;default&#8221; custom_margin=&#8221;||||false|false&#8221; custom_padding=&#8221;||||false|false&#8221; hover_enabled=&#8221;0&#8243; global_colors_info=&#8221;{}&#8221; sticky_enabled=&#8221;0&#8243;][et_pb_column type=&#8221;4_4&#8243; _builder_version=&#8221;4.19.2&#8243; _module_preset=&#8221;default&#8221; global_colors_info=&#8221;{}&#8221;][et_pb_text _builder_version=&#8221;4.22.2&#8243; _module_preset=&#8221;default&#8221; text_font_size=&#8221;18px&#8221; text_line_height=&#8221;2em&#8221; hover_enabled=&#8221;0&#8243; global_colors_info=&#8221;{}&#8221; text_font_last_edited=&#8221;on|phone&#8221; sticky_enabled=&#8221;0&#8243; text_font_size_last_edited=&#8221;on|phone&#8221; text_font_size_phone=&#8221;14px&#8221; text_font_size_tablet=&#8221;18px&#8221;]<\/p>\n<p style=\"text-align: center;\">Somos uma empresa inovadora n\u00e3o somente interessada em ampliar seu n\u00famero de clientes, mas sim em conquist\u00e1-lo, criando uma parceria duradoura onde o sucesso profissional de ambos ser\u00e1 o resultado de um trabalho de equipe bem elaborado.<\/p>\n<p style=\"text-align: center;\">A Graspy nasceu com o prop\u00f3sito de atingir a excel\u00eancia em todos os sentidos. Al\u00e9m da alta qualidade t\u00e9cnica do produto final, o rigor e o cuidado est\u00e3o presentes durante todo o processo.<\/p>\n<p style=\"text-align: center;\">Qualidade do come\u00e7o ao fim. Voc\u00ea pode ter certeza de encontrar o melhor atendimento, totalmente voltado \u00e0s suas necessidades e prefer\u00eancias. Nosso compromisso \u00e9 com a qualidade, pontualidade e o melhor atendimento.<\/p>\n<p>[\/et_pb_text][et_pb_image src=&#8221;http:\/\/graspy.com.br\/wp-content\/uploads\/2022\/12\/Logotipos.jpg&#8221; title_text=&#8221;Logotipos&#8221; _builder_version=&#8221;4.19.2&#8243; _module_preset=&#8221;default&#8221; width=&#8221;50%&#8221; module_alignment=&#8221;center&#8221; custom_margin=&#8221;||||false|false&#8221; global_colors_info=&#8221;{}&#8221;][\/et_pb_image][\/et_pb_column][\/et_pb_row][\/et_pb_section]<\/p>\n","protected":false},"excerpt":{"rendered":"<p>Somos uma empresa inovadora n\u00e3o somente interessada em ampliar seu n\u00famero de clientes, mas sim em conquist\u00e1-lo, criando uma parceria duradoura onde o sucesso profissional de ambos ser\u00e1 o resultado de um trabalho de equipe bem elaborado. A Graspy nasceu com o prop\u00f3sito de atingir a excel\u00eancia em todos os sentidos. Al\u00e9m da alta qualidade [&hellip;]<\/p>\n","protected":false},"author":1,"featured_media":0,"parent":0,"menu_order":0,"comment_status":"closed","ping_status":"closed","template":"","meta":{"_et_pb_use_builder":"on","_et_pb_old_content":"","_et_gb_content_width":"","footnotes":""},"class_list":["post-12","page","type-page","status-publish","hentry"],"_links":{"self":[{"href":"https:\/\/graspy.com.br\/index.php?rest_route=\/wp\/v2\/pages\/12","targetHints":{"allow":["GET"]}}],"collection":[{"href":"https:\/\/graspy.com.br\/index.php?rest_route=\/wp\/v2\/pages"}],"about":[{"href":"https:\/\/graspy.com.br\/index.php?rest_route=\/wp\/v2\/types\/page"}],"author":[{"embeddable":true,"href":"https:\/\/graspy.com.br\/index.php?rest_route=\/wp\/v2\/users\/1"}],"replies":[{"embeddable":true,"href":"https:\/\/graspy.com.br\/index.php?rest_route=%2Fwp%2Fv2%2Fcomments&post=12"}],"version-history":[{"count":55,"href":"https:\/\/graspy.com.br\/index.php?rest_route=\/wp\/v2\/pages\/12\/revisions"}],"predecessor-version":[{"id":255,"href":"https:\/\/graspy.com.br\/index.php?rest_route=\/wp\/v2\/pages\/12\/revisions\/255"}],"wp:attachment":[{"href":"https:\/\/graspy.com.br\/index.php?rest_route=%2Fwp%2Fv2%2Fmedia&parent=12"}],"curies":[{"name":"wp","href":"https:\/\/api.w.org\/{rel}","templated":true}]}}