{"id":18,"date":"2022-12-07T15:52:04","date_gmt":"2022-12-07T18:52:04","guid":{"rendered":"https:\/\/graspy.com.br\/?page_id=18"},"modified":"2023-10-26T11:29:15","modified_gmt":"2023-10-26T14:29:15","slug":"contatos","status":"publish","type":"page","link":"https:\/\/graspy.com.br\/?page_id=18","title":{"rendered":"Contato"},"content":{"rendered":"<p>[et_pb_section fb_built=&#8221;1&#8243; _builder_version=&#8221;4.19.2&#8243; _module_preset=&#8221;default&#8221; custom_padding=&#8221;||||false|false&#8221; global_colors_info=&#8221;{}&#8221;][et_pb_row _builder_version=&#8221;4.19.2&#8243; _module_preset=&#8221;default&#8221; global_colors_info=&#8221;{}&#8221;][et_pb_column type=&#8221;4_4&#8243; _builder_version=&#8221;4.19.2&#8243; _module_preset=&#8221;default&#8221; global_colors_info=&#8221;{}&#8221;][et_pb_text admin_label=&#8221;Cadernos&#8221; _builder_version=&#8221;4.19.2&#8243; _module_preset=&#8221;default&#8221; text_text_color=&#8221;#FFFFFF&#8221; text_font_size=&#8221;35px&#8221; background_color=&#8221;#0C71C3&#8243; text_orientation=&#8221;center&#8221; border_width_all=&#8221;12px&#8221; border_color_all=&#8221;#0C71C3&#8243; locked=&#8221;off&#8221; global_colors_info=&#8221;{}&#8221;]<\/p>\n<p>CONTATOS<\/p>\n<p>[\/et_pb_text][\/et_pb_column][\/et_pb_row][et_pb_row column_structure=&#8221;1_2,1_2&#8243; _builder_version=&#8221;4.19.2&#8243; _module_preset=&#8221;default&#8221; global_colors_info=&#8221;{}&#8221;][et_pb_column type=&#8221;1_2&#8243; _builder_version=&#8221;4.19.2&#8243; _module_preset=&#8221;default&#8221; global_colors_info=&#8221;{}&#8221;][et_pb_text _builder_version=&#8221;4.19.2&#8243; _module_preset=&#8221;default&#8221; text_text_color=&#8221;#0C71C3&#8243; text_font_size=&#8221;30px&#8221; text_line_height=&#8221;1.4em&#8221; global_colors_info=&#8221;{}&#8221;]<\/p>\n<p style=\"text-align: left;\">Contate-nos ou pe\u00e7a j\u00e1 seu or\u00e7amento. Teremos prazer em atend\u00ea-lo.<\/p>\n<p>[\/et_pb_text][\/et_pb_column][et_pb_column type=&#8221;1_2&#8243; _builder_version=&#8221;4.19.2&#8243; _module_preset=&#8221;default&#8221; global_colors_info=&#8221;{}&#8221;][et_pb_text _builder_version=&#8221;4.23&#8243; _module_preset=&#8221;default&#8221; text_font_size=&#8221;19px&#8221; custom_padding=&#8221;0px|||100px|false|false&#8221; custom_padding_tablet=&#8221;0px|||100px|false|false&#8221; custom_padding_phone=&#8221;|||20px|false|false&#8221; custom_padding_last_edited=&#8221;on|tablet&#8221; link_option_url=&#8221;mailto: comercial@graspy.com.br&#8221; hover_enabled=&#8221;0&#8243; border_width_left=&#8221;1px&#8221; border_color_left=&#8221;#0C71C3&#8243; global_colors_info=&#8221;{}&#8221; sticky_enabled=&#8221;0&#8243;]<\/p>\n<h1><a href=\"https:\/\/api.whatsapp.com\/send?phone=5511930500462\"><img loading=\"lazy\" decoding=\"async\" src=\"http:\/\/graspy.com.br\/wp-content\/uploads\/2023\/10\/Whatsapp.jpg\" width=\"29\" height=\"29\" alt=\"\" class=\"wp-image-291 alignnone size-full\" \/><\/a> <a href=\"https:\/\/api.whatsapp.com\/send?phone=5511930500462\">(11) <strong>93050-0462<\/strong><\/a><\/h1>\n<h1>Tel.: (11)<strong> 3256-3111<\/strong><\/h1>\n<p><strong><\/strong><\/p>\n<p><strong><\/strong><\/p>\n<p><strong>e-mail: comercial@graspy.com.br<\/strong><\/p>\n<p>[\/et_pb_text][\/et_pb_column][\/et_pb_row][\/et_pb_section]<\/p>\n","protected":false},"excerpt":{"rendered":"<p>CONTATOSContate-nos ou pe\u00e7a j\u00e1 seu or\u00e7amento. Teremos prazer em atend\u00ea-lo. (11) 93050-0462 Tel.: (11) 3256-3111 e-mail: comercial@graspy.com.br<\/p>\n","protected":false},"author":1,"featured_media":0,"parent":0,"menu_order":0,"comment_status":"closed","ping_status":"closed","template":"","meta":{"_et_pb_use_builder":"on","_et_pb_old_content":"","_et_gb_content_width":"","footnotes":""},"class_list":["post-18","page","type-page","status-publish","hentry"],"_links":{"self":[{"href":"https:\/\/graspy.com.br\/index.php?rest_route=\/wp\/v2\/pages\/18","targetHints":{"allow":["GET"]}}],"collection":[{"href":"https:\/\/graspy.com.br\/index.php?rest_route=\/wp\/v2\/pages"}],"about":[{"href":"https:\/\/graspy.com.br\/index.php?rest_route=\/wp\/v2\/types\/page"}],"author":[{"embeddable":true,"href":"https:\/\/graspy.com.br\/index.php?rest_route=\/wp\/v2\/users\/1"}],"replies":[{"embeddable":true,"href":"https:\/\/graspy.com.br\/index.php?rest_route=%2Fwp%2Fv2%2Fcomments&post=18"}],"version-history":[{"count":28,"href":"https:\/\/graspy.com.br\/index.php?rest_route=\/wp\/v2\/pages\/18\/revisions"}],"predecessor-version":[{"id":297,"href":"https:\/\/graspy.com.br\/index.php?rest_route=\/wp\/v2\/pages\/18\/revisions\/297"}],"wp:attachment":[{"href":"https:\/\/graspy.com.br\/index.php?rest_route=%2Fwp%2Fv2%2Fmedia&parent=18"}],"curies":[{"name":"wp","href":"https:\/\/api.w.org\/{rel}","templated":true}]}}